{"id":1408,"date":"2018-07-27T08:15:16","date_gmt":"2018-07-27T08:15:16","guid":{"rendered":"http:\/\/demo.ovathemes.com\/ireca\/?page_id=1408"},"modified":"2024-01-29T17:20:28","modified_gmt":"2024-01-29T17:20:28","slug":"contacto","status":"publish","type":"page","link":"https:\/\/cardriver.com.mx\/index.php\/contacto\/","title":{"rendered":"Contacto"},"content":{"rendered":"\t\t<div data-elementor-type=\"wp-post\" data-elementor-id=\"1408\" class=\"elementor elementor-1408\">\n\t\t\t\t\t\t<section class=\"elementor-section elementor-top-section elementor-element elementor-element-1fa140e elementor-section-boxed elementor-section-height-default elementor-section-height-default\" data-id=\"1fa140e\" data-element_type=\"section\">\n\t\t\t\t\t\t<div class=\"elementor-container elementor-column-gap-default\">\n\t\t\t\t\t<div class=\"elementor-column elementor-col-100 elementor-top-column elementor-element elementor-element-a389052\" data-id=\"a389052\" data-element_type=\"column\">\n\t\t\t<div class=\"elementor-widget-wrap elementor-element-populated\">\n\t\t\t\t\t\t<div class=\"elementor-element elementor-element-de8886c elementor-widget elementor-widget-ovacrs_heading3\" data-id=\"de8886c\" data-element_type=\"widget\" data-widget_type=\"ovacrs_heading3.default\">\n\t\t\t\t<div class=\"elementor-widget-container\">\n\t\t\t<div class=\"ovacrs_heading3  text-center\"><h3 class=\"title border_yes\"><span>Escr\u00edbenos<\/span><\/h3><div class=\"desc\"><p>En Car Driver estamos para servirte. Nos gustar\u00eda escucharte. Escr\u00edbenos un e-mail o cont\u00e1ctanos por v\u00eda telef\u00f3nica y responderemos en cuanto nos sea posible para resolver todas tus dudas.\u00a0<\/p><\/div><\/div>\t\t<\/div>\n\t\t\t\t<\/div>\n\t\t\t\t\t<\/div>\n\t\t<\/div>\n\t\t\t\t\t<\/div>\n\t\t<\/section>\n\t\t\t\t<section class=\"elementor-section elementor-top-section elementor-element elementor-element-4f264cd elementor-section-boxed elementor-section-height-default elementor-section-height-default\" data-id=\"4f264cd\" data-element_type=\"section\">\n\t\t\t\t\t\t<div class=\"elementor-container elementor-column-gap-default\">\n\t\t\t\t\t<div class=\"elementor-column elementor-col-100 elementor-top-column elementor-element elementor-element-0b2ce9d\" data-id=\"0b2ce9d\" data-element_type=\"column\">\n\t\t\t<div class=\"elementor-widget-wrap elementor-element-populated\">\n\t\t\t\t\t\t<div class=\"elementor-element elementor-element-b5a9118 elementor-widget elementor-widget-shortcode\" data-id=\"b5a9118\" data-element_type=\"widget\" data-widget_type=\"shortcode.default\">\n\t\t\t\t<div class=\"elementor-widget-container\">\n\t\t\t\t\t<div class=\"elementor-shortcode\">\n<div class=\"wpcf7 no-js\" id=\"wpcf7-f5-o1\" lang=\"en-US\" dir=\"ltr\">\n<div class=\"screen-reader-response\"><p role=\"status\" aria-live=\"polite\" aria-atomic=\"true\"><\/p> <ul><\/ul><\/div>\n<form action=\"\/index.php\/wp-json\/wp\/v2\/pages\/1408#wpcf7-f5-o1\" method=\"post\" class=\"wpcf7-form init\" aria-label=\"Contact form\" novalidate=\"novalidate\" data-status=\"init\">\n<div style=\"display: none;\">\n<input type=\"hidden\" name=\"_wpcf7\" value=\"5\" \/>\n<input type=\"hidden\" name=\"_wpcf7_version\" value=\"5.8.7\" \/>\n<input type=\"hidden\" name=\"_wpcf7_locale\" value=\"en_US\" \/>\n<input type=\"hidden\" name=\"_wpcf7_unit_tag\" value=\"wpcf7-f5-o1\" \/>\n<input type=\"hidden\" name=\"_wpcf7_container_post\" value=\"0\" \/>\n<input type=\"hidden\" name=\"_wpcf7_posted_data_hash\" value=\"\" \/>\n<\/div>\n<div class=\"ireca_contact\">\n\t<p><label><span class=\"wpcf7-form-control-wrap\" data-name=\"your-name\"><input size=\"40\" class=\"wpcf7-form-control wpcf7-text wpcf7-validates-as-required\" aria-required=\"true\" aria-invalid=\"false\" placeholder=\"Nombre\" value=\"\" type=\"text\" name=\"your-name\" \/><\/span> <\/label>\n\t<\/p>\n\t<p><label><span class=\"wpcf7-form-control-wrap\" data-name=\"your-email\"><input size=\"40\" class=\"wpcf7-form-control wpcf7-email wpcf7-validates-as-required wpcf7-text wpcf7-validates-as-email\" aria-required=\"true\" aria-invalid=\"false\" placeholder=\"E-mail\" value=\"\" type=\"email\" name=\"your-email\" \/><\/span> <\/label>\n\t<\/p>\n\t<p><label><span class=\"wpcf7-form-control-wrap\" data-name=\"tel-747\"><input size=\"40\" class=\"wpcf7-form-control wpcf7-tel wpcf7-text wpcf7-validates-as-tel\" aria-invalid=\"false\" placeholder=\"Tel\u00e9fono\" value=\"\" type=\"tel\" name=\"tel-747\" \/><\/span> <\/label>\n\t<\/p>\n\t<p><label><span class=\"wpcf7-form-control-wrap\" data-name=\"your-subject\"><input size=\"40\" class=\"wpcf7-form-control wpcf7-text\" aria-invalid=\"false\" placeholder=\"Asunto\" value=\"\" type=\"text\" name=\"your-subject\" \/><\/span> <\/label>\n\t<\/p>\n\t<p><label><span class=\"wpcf7-form-control-wrap\" data-name=\"your-message\"><textarea cols=\"40\" rows=\"10\" class=\"wpcf7-form-control wpcf7-textarea\" aria-invalid=\"false\" placeholder=\"Mensaje\" name=\"your-message\"><\/textarea><\/span> <\/label><br \/>\n<label><span class=\"wpcf7-form-control-wrap\" data-name=\"quiz-886\"><label><span class=\"wpcf7-quiz-label\">Resuelve: 10+7<\/span> <input size=\"40\" class=\"wpcf7-form-control wpcf7-quiz\" autocomplete=\"off\" aria-required=\"true\" aria-invalid=\"false\" type=\"text\" name=\"quiz-886\" \/><\/label><input type=\"hidden\" name=\"_wpcf7_quiz_answer_quiz-886\" value=\"8423cc39a807805fb58f4a7f89aa5705\" \/><\/span><\/label>\n\t<\/p>\n\t<p><input class=\"wpcf7-form-control wpcf7-submit has-spinner\" type=\"submit\" value=\"Enviar\" \/>\n\t<\/p>\n<\/div><div class=\"wpcf7-response-output\" aria-hidden=\"true\"><\/div>\n<\/form>\n<\/div>\n<\/div>\n\t\t\t\t<\/div>\n\t\t\t\t<\/div>\n\t\t\t\t\t<\/div>\n\t\t<\/div>\n\t\t\t\t\t<\/div>\n\t\t<\/section>\n\t\t\t\t<section class=\"elementor-section elementor-top-section elementor-element elementor-element-fd385e2 elementor-section-stretched elementor-section-full_width elementor-section-height-default elementor-section-height-default\" data-id=\"fd385e2\" data-element_type=\"section\" data-settings=\"{&quot;stretch_section&quot;:&quot;section-stretched&quot;}\">\n\t\t\t\t\t\t<div class=\"elementor-container elementor-column-gap-no\">\n\t\t\t\t\t<div class=\"elementor-column elementor-col-100 elementor-top-column elementor-element elementor-element-2e5d1dd\" data-id=\"2e5d1dd\" data-element_type=\"column\">\n\t\t\t<div class=\"elementor-widget-wrap elementor-element-populated\">\n\t\t\t\t\t\t<section class=\"elementor-section elementor-inner-section elementor-element elementor-element-4252f4e elementor-section-boxed elementor-section-height-default elementor-section-height-default\" data-id=\"4252f4e\" data-element_type=\"section\">\n\t\t\t\t\t\t<div class=\"elementor-container elementor-column-gap-default\">\n\t\t\t\t\t<div class=\"elementor-column elementor-col-50 elementor-inner-column elementor-element elementor-element-143b8dc\" data-id=\"143b8dc\" data-element_type=\"column\">\n\t\t\t<div class=\"elementor-widget-wrap elementor-element-populated\">\n\t\t\t\t\t\t<div class=\"elementor-element elementor-element-e9b9cda elementor-widget elementor-widget-ovacrs_heading3\" data-id=\"e9b9cda\" data-element_type=\"widget\" data-widget_type=\"ovacrs_heading3.default\">\n\t\t\t\t<div class=\"elementor-widget-container\">\n\t\t\t<div class=\"ovacrs_heading3  text-center\"><h3 class=\"title border_yes\"><span>Matriz<\/span><\/h3><div class=\"desc\"><div class=\"ireca_info mob_yellow\"><a href=\"https:\/\/goo.gl\/maps\/F7VRrM6coLJhqFYh6\" target=\"_blank\" rel=\"noopener\"><span class=\"text\">Av. Independencia #361 Col. Los Llanitos. Tepic.<\/span><\/a><\/div><p>\u00a0<\/p><div class=\"ireca_info mob_yellow\"><i class=\"icon_mobile\"><\/i><a href=\"tel:+523119091000\"><span class=\"text\">(311) 909 1000<\/span><\/a><\/div><div class=\"ireca_info mob_yellow\"><i class=\"icon_mobile\"><\/i><a href=\"tel:+5231113334 34\"><span class=\"text\">(311) 133 34 34<\/span><\/a><\/div><p>\u00a0<\/p><div class=\"ireca_info mob_yellow\"><i class=\"icon_mail_alt\"><\/i><a href=\"mailto:hola@cardriver.com.mx\"><span class=\"text\">hola@cardriver.com.mx<\/span><\/a><\/div><\/div><\/div>\t\t<\/div>\n\t\t\t\t<\/div>\n\t\t\t\t<div class=\"elementor-element elementor-element-584a1a2 elementor-widget elementor-widget-html\" data-id=\"584a1a2\" data-element_type=\"widget\" data-widget_type=\"html.default\">\n\t\t\t\t<div class=\"elementor-widget-container\">\n\t\t\t<iframe src=\"https:\/\/www.google.com\/maps\/embed?pb=!1m18!1m12!1m3!1d3712.373916027006!2d-104.8810464846629!3d21.493069177139944!2m3!1f0!2f0!3f0!3m2!1i1024!2i768!4f13.1!3m3!1m2!1s0x8427372f72c91aef%3A0xccf783b3606b0fb4!2sCarDriver%20Tepic!5e0!3m2!1ses!2smx!4v1648757163791!5m2!1ses!2smx\" width=\"600\" height=\"450\" style=\"border:0;\" allowfullscreen=\"\" loading=\"lazy\" referrerpolicy=\"no-referrer-when-downgrade\"><\/iframe>\t\t<\/div>\n\t\t\t\t<\/div>\n\t\t\t\t\t<\/div>\n\t\t<\/div>\n\t\t\t\t<div class=\"elementor-column elementor-col-50 elementor-inner-column elementor-element elementor-element-beddb16\" data-id=\"beddb16\" data-element_type=\"column\">\n\t\t\t<div class=\"elementor-widget-wrap elementor-element-populated\">\n\t\t\t\t\t\t<div class=\"elementor-element elementor-element-2a79c43 elementor-widget elementor-widget-ovacrs_heading3\" data-id=\"2a79c43\" data-element_type=\"widget\" data-widget_type=\"ovacrs_heading3.default\">\n\t\t\t\t<div class=\"elementor-widget-container\">\n\t\t\t<div class=\"ovacrs_heading3  text-center\"><h3 class=\"title border_yes\"><span>Sucursal Bah\u00eda<\/span><\/h3><div class=\"desc\"><div class=\"ireca_info mob_yellow\"><a href=\"https:\/\/goo.gl\/maps\/F7VRrM6coLJhqFYh6\" target=\"_blank\" rel=\"noopener\"><span class=\"text\">Carr. Mezcales San Vicente #872 San Vicente, Nayarit<\/span><\/a><\/div><p>\u00a0<\/p><div class=\"ireca_info mob_yellow\"><i class=\"icon_mobile\"><\/i><a href=\"tel:+523221359435\"><span class=\"text\">(322) 135 9435<\/span><\/a><\/div><div class=\"ireca_info mob_yellow\"><i class=\"icon_mobile\"><\/i><a href=\"tel:+523222165980\"><span class=\"text\">(322) 216 5980<\/span><\/a><\/div><p>\u00a0<\/p><div class=\"ireca_info mob_yellow\"><i class=\"icon_mail_alt\"><\/i><a href=\"mailto:hola@cardriver.com.mx\"><span class=\"text\">hola@cardriver.com.mx<\/span><\/a><\/div><\/div><\/div>\t\t<\/div>\n\t\t\t\t<\/div>\n\t\t\t\t<div class=\"elementor-element elementor-element-965b0e3 elementor-widget elementor-widget-html\" data-id=\"965b0e3\" data-element_type=\"widget\" data-widget_type=\"html.default\">\n\t\t\t\t<div class=\"elementor-widget-container\">\n\t\t\t<iframe src=\"https:\/\/www.google.com\/maps\/embed?pb=!1m18!1m12!1m3!1d3731.2359859548246!2d-105.26305978467079!3d20.741227102906844!2m3!1f0!2f0!3f0!3m2!1i1024!2i768!4f13.1!3m3!1m2!1s0x842147a4ec572389%3A0x4b8722aa1926789f!2sCardriver%20Bah%C3%ADa!5e0!3m2!1ses!2smx!4v1652217529662!5m2!1ses!2smx\" width=\"600\" height=\"450\" style=\"border:0;\" allowfullscreen=\"\" loading=\"lazy\" referrerpolicy=\"no-referrer-when-downgrade\"><\/iframe>\t\t<\/div>\n\t\t\t\t<\/div>\n\t\t\t\t\t<\/div>\n\t\t<\/div>\n\t\t\t\t\t<\/div>\n\t\t<\/section>\n\t\t\t\t\t<\/div>\n\t\t<\/div>\n\t\t\t\t\t<\/div>\n\t\t<\/section>\n\t\t\t\t<section class=\"elementor-section elementor-top-section elementor-element elementor-element-4adf354 elementor-section-boxed elementor-section-height-default elementor-section-height-default\" data-id=\"4adf354\" data-element_type=\"section\">\n\t\t\t\t\t\t<div class=\"elementor-container elementor-column-gap-default\">\n\t\t\t\t\t<div class=\"elementor-column elementor-col-33 elementor-top-column elementor-element elementor-element-2ae0262\" data-id=\"2ae0262\" data-element_type=\"column\">\n\t\t\t<div class=\"elementor-widget-wrap elementor-element-populated\">\n\t\t\t\t\t\t<div class=\"elementor-element elementor-element-163f74b elementor-widget elementor-widget-ovacrs_contact_box\" data-id=\"163f74b\" data-element_type=\"widget\" data-widget_type=\"ovacrs_contact_box.default\">\n\t\t\t\t<div class=\"elementor-widget-container\">\n\t\t\t<div class=\"ovacrs_contact_box  \"><div class=\"content\"><i class=\"flaticon-alarm-clock\"><\/i><div class=\"title\">Horario de atenci\u00f3n<\/div><div class=\"item\">Lunes a viernes 9:00 a 18:00<\/div><div class=\"item\">S\u00e1bados 9:00 a 14:00<\/div><span class=\"line\"><\/span><\/div><\/div>\t\t<\/div>\n\t\t\t\t<\/div>\n\t\t\t\t\t<\/div>\n\t\t<\/div>\n\t\t\t\t<div class=\"elementor-column elementor-col-33 elementor-top-column elementor-element elementor-element-60fc13c\" data-id=\"60fc13c\" data-element_type=\"column\">\n\t\t\t<div class=\"elementor-widget-wrap elementor-element-populated\">\n\t\t\t\t\t\t<div class=\"elementor-element elementor-element-325b9c1 elementor-widget elementor-widget-ovacrs_contact_box\" data-id=\"325b9c1\" data-element_type=\"widget\" data-widget_type=\"ovacrs_contact_box.default\">\n\t\t\t\t<div class=\"elementor-widget-container\">\n\t\t\t<div class=\"ovacrs_contact_box  \"><div class=\"content\"><i class=\"flaticon-placeholder-3\"><\/i><div class=\"title\">Sucursales<\/div><div class=\"item\">Puntos Car Driver en diferentes ciudades<\/div><div class=\"item\">Tepic <br> Bah\u00eda de Banderas <br> Mazat\u00e1n (Pr\u00f3ximamente) <br> Guadalajara (Pr\u00f3ximamente)<\/div><span class=\"line\"><\/span><\/div><\/div>\t\t<\/div>\n\t\t\t\t<\/div>\n\t\t\t\t\t<\/div>\n\t\t<\/div>\n\t\t\t\t<div class=\"elementor-column elementor-col-33 elementor-top-column elementor-element elementor-element-4e6aa9d\" data-id=\"4e6aa9d\" data-element_type=\"column\">\n\t\t\t<div class=\"elementor-widget-wrap elementor-element-populated\">\n\t\t\t\t\t\t<div class=\"elementor-element elementor-element-bf60ac8 elementor-widget elementor-widget-ovacrs_contact_box\" data-id=\"bf60ac8\" data-element_type=\"widget\" data-widget_type=\"ovacrs_contact_box.default\">\n\t\t\t\t<div class=\"elementor-widget-container\">\n\t\t\t<div class=\"ovacrs_contact_box  \"><div class=\"content\"><i class=\"flaticon-smartphone-6\"><\/i><div class=\"title\">Atenci\u00f3n constante<\/div><div class=\"item\">Puedes comunicarte a cualquiera de nuestros tel\u00e9fonos  o por mensajer\u00eda digital<\/div><span class=\"line\"><\/span><\/div><\/div>\t\t<\/div>\n\t\t\t\t<\/div>\n\t\t\t\t\t<\/div>\n\t\t<\/div>\n\t\t\t\t\t<\/div>\n\t\t<\/section>\n\t\t\t\t<\/div>\n\t\t","protected":false},"excerpt":{"rendered":"<p>Escr\u00edbenos En Car Driver estamos para servirte. Nos gustar\u00eda escucharte. Escr\u00edbenos un e-mail o cont\u00e1ctanos por v\u00eda telef\u00f3nica y responderemos en cuanto nos sea posible para resolver todas tus dudas.\u00a0 Matriz Av. Independencia #361 Col. Los Llanitos. Tepic. \u00a0 (311) 909 1000(311) 133 34 34 \u00a0 hola@cardriver.com.mx Sucursal Bah\u00eda Carr. Mezcales San Vicente #872 San [&hellip;]<\/p>\n","protected":false},"author":1,"featured_media":0,"parent":0,"menu_order":0,"comment_status":"closed","ping_status":"closed","template":"","meta":{"footnotes":""},"yoast_head":"<!-- This site is optimized with the Yoast SEO plugin v22.0 - https:\/\/yoast.com\/wordpress\/plugins\/seo\/ -->\n<title>Contacto - Car Driver<\/title>\n<meta name=\"robots\" content=\"index, follow, max-snippet:-1, max-image-preview:large, max-video-preview:-1\" \/>\n<link rel=\"canonical\" href=\"https:\/\/cardriver.com.mx\/index.php\/contacto\/\" \/>\n<meta property=\"og:locale\" content=\"es_ES\" \/>\n<meta property=\"og:type\" content=\"article\" \/>\n<meta property=\"og:title\" content=\"Contacto - Car Driver\" \/>\n<meta property=\"og:description\" content=\"Escr\u00edbenos En Car Driver estamos para servirte. Nos gustar\u00eda escucharte. Escr\u00edbenos un e-mail o cont\u00e1ctanos por v\u00eda telef\u00f3nica y responderemos en cuanto nos sea posible para resolver todas tus dudas.\u00a0 Matriz Av. Independencia #361 Col. Los Llanitos. Tepic. \u00a0 (311) 909 1000(311) 133 34 34 \u00a0 hola@cardriver.com.mx Sucursal Bah\u00eda Carr. Mezcales San Vicente #872 San [&hellip;]\" \/>\n<meta property=\"og:url\" content=\"https:\/\/cardriver.com.mx\/index.php\/contacto\/\" \/>\n<meta property=\"og:site_name\" content=\"Car Driver\" \/>\n<meta property=\"article:modified_time\" content=\"2024-01-29T17:20:28+00:00\" \/>\n<meta name=\"twitter:card\" content=\"summary_large_image\" \/>\n<meta name=\"twitter:label1\" content=\"Tiempo de lectura\" \/>\n\t<meta name=\"twitter:data1\" content=\"1 minuto\" \/>\n<script type=\"application\/ld+json\" class=\"yoast-schema-graph\">{\"@context\":\"https:\/\/schema.org\",\"@graph\":[{\"@type\":\"WebPage\",\"@id\":\"https:\/\/cardriver.com.mx\/index.php\/contacto\/\",\"url\":\"https:\/\/cardriver.com.mx\/index.php\/contacto\/\",\"name\":\"Contacto - Car Driver\",\"isPartOf\":{\"@id\":\"https:\/\/cardriver.com.mx\/#website\"},\"datePublished\":\"2018-07-27T08:15:16+00:00\",\"dateModified\":\"2024-01-29T17:20:28+00:00\",\"breadcrumb\":{\"@id\":\"https:\/\/cardriver.com.mx\/index.php\/contacto\/#breadcrumb\"},\"inLanguage\":\"es\",\"potentialAction\":[{\"@type\":\"ReadAction\",\"target\":[\"https:\/\/cardriver.com.mx\/index.php\/contacto\/\"]}]},{\"@type\":\"BreadcrumbList\",\"@id\":\"https:\/\/cardriver.com.mx\/index.php\/contacto\/#breadcrumb\",\"itemListElement\":[{\"@type\":\"ListItem\",\"position\":1,\"name\":\"Portada\",\"item\":\"https:\/\/cardriver.com.mx\/\"},{\"@type\":\"ListItem\",\"position\":2,\"name\":\"Contacto\"}]},{\"@type\":\"WebSite\",\"@id\":\"https:\/\/cardriver.com.mx\/#website\",\"url\":\"https:\/\/cardriver.com.mx\/\",\"name\":\"Car Driver\",\"description\":\"Administraci\u00f3n de Veh\u00edculos\",\"publisher\":{\"@id\":\"https:\/\/cardriver.com.mx\/#organization\"},\"potentialAction\":[{\"@type\":\"SearchAction\",\"target\":{\"@type\":\"EntryPoint\",\"urlTemplate\":\"https:\/\/cardriver.com.mx\/?s={search_term_string}\"},\"query-input\":\"required name=search_term_string\"}],\"inLanguage\":\"es\"},{\"@type\":\"Organization\",\"@id\":\"https:\/\/cardriver.com.mx\/#organization\",\"name\":\"Car Driver\",\"url\":\"https:\/\/cardriver.com.mx\/\",\"logo\":{\"@type\":\"ImageObject\",\"inLanguage\":\"es\",\"@id\":\"https:\/\/cardriver.com.mx\/#\/schema\/logo\/image\/\",\"url\":\"https:\/\/cardriver.com.mx\/wp-content\/uploads\/2022\/03\/Car-driver-Web-09.png\",\"contentUrl\":\"https:\/\/cardriver.com.mx\/wp-content\/uploads\/2022\/03\/Car-driver-Web-09.png\",\"width\":795,\"height\":248,\"caption\":\"Car Driver\"},\"image\":{\"@id\":\"https:\/\/cardriver.com.mx\/#\/schema\/logo\/image\/\"}}]}<\/script>\n<!-- \/ Yoast SEO plugin. -->","yoast_head_json":{"title":"Contacto - Car Driver","robots":{"index":"index","follow":"follow","max-snippet":"max-snippet:-1","max-image-preview":"max-image-preview:large","max-video-preview":"max-video-preview:-1"},"canonical":"https:\/\/cardriver.com.mx\/index.php\/contacto\/","og_locale":"es_ES","og_type":"article","og_title":"Contacto - Car Driver","og_description":"Escr\u00edbenos En Car Driver estamos para servirte. Nos gustar\u00eda escucharte. Escr\u00edbenos un e-mail o cont\u00e1ctanos por v\u00eda telef\u00f3nica y responderemos en cuanto nos sea posible para resolver todas tus dudas.\u00a0 Matriz Av. Independencia #361 Col. Los Llanitos. Tepic. \u00a0 (311) 909 1000(311) 133 34 34 \u00a0 hola@cardriver.com.mx Sucursal Bah\u00eda Carr. Mezcales San Vicente #872 San [&hellip;]","og_url":"https:\/\/cardriver.com.mx\/index.php\/contacto\/","og_site_name":"Car Driver","article_modified_time":"2024-01-29T17:20:28+00:00","twitter_card":"summary_large_image","twitter_misc":{"Tiempo de lectura":"1 minuto"},"schema":{"@context":"https:\/\/schema.org","@graph":[{"@type":"WebPage","@id":"https:\/\/cardriver.com.mx\/index.php\/contacto\/","url":"https:\/\/cardriver.com.mx\/index.php\/contacto\/","name":"Contacto - Car Driver","isPartOf":{"@id":"https:\/\/cardriver.com.mx\/#website"},"datePublished":"2018-07-27T08:15:16+00:00","dateModified":"2024-01-29T17:20:28+00:00","breadcrumb":{"@id":"https:\/\/cardriver.com.mx\/index.php\/contacto\/#breadcrumb"},"inLanguage":"es","potentialAction":[{"@type":"ReadAction","target":["https:\/\/cardriver.com.mx\/index.php\/contacto\/"]}]},{"@type":"BreadcrumbList","@id":"https:\/\/cardriver.com.mx\/index.php\/contacto\/#breadcrumb","itemListElement":[{"@type":"ListItem","position":1,"name":"Portada","item":"https:\/\/cardriver.com.mx\/"},{"@type":"ListItem","position":2,"name":"Contacto"}]},{"@type":"WebSite","@id":"https:\/\/cardriver.com.mx\/#website","url":"https:\/\/cardriver.com.mx\/","name":"Car Driver","description":"Administraci\u00f3n de Veh\u00edculos","publisher":{"@id":"https:\/\/cardriver.com.mx\/#organization"},"potentialAction":[{"@type":"SearchAction","target":{"@type":"EntryPoint","urlTemplate":"https:\/\/cardriver.com.mx\/?s={search_term_string}"},"query-input":"required name=search_term_string"}],"inLanguage":"es"},{"@type":"Organization","@id":"https:\/\/cardriver.com.mx\/#organization","name":"Car Driver","url":"https:\/\/cardriver.com.mx\/","logo":{"@type":"ImageObject","inLanguage":"es","@id":"https:\/\/cardriver.com.mx\/#\/schema\/logo\/image\/","url":"https:\/\/cardriver.com.mx\/wp-content\/uploads\/2022\/03\/Car-driver-Web-09.png","contentUrl":"https:\/\/cardriver.com.mx\/wp-content\/uploads\/2022\/03\/Car-driver-Web-09.png","width":795,"height":248,"caption":"Car Driver"},"image":{"@id":"https:\/\/cardriver.com.mx\/#\/schema\/logo\/image\/"}}]}},"jetpack_sharing_enabled":true,"_links":{"self":[{"href":"https:\/\/cardriver.com.mx\/index.php\/wp-json\/wp\/v2\/pages\/1408"}],"collection":[{"href":"https:\/\/cardriver.com.mx\/index.php\/wp-json\/wp\/v2\/pages"}],"about":[{"href":"https:\/\/cardriver.com.mx\/index.php\/wp-json\/wp\/v2\/types\/page"}],"author":[{"embeddable":true,"href":"https:\/\/cardriver.com.mx\/index.php\/wp-json\/wp\/v2\/users\/1"}],"replies":[{"embeddable":true,"href":"https:\/\/cardriver.com.mx\/index.php\/wp-json\/wp\/v2\/comments?post=1408"}],"version-history":[{"count":16,"href":"https:\/\/cardriver.com.mx\/index.php\/wp-json\/wp\/v2\/pages\/1408\/revisions"}],"predecessor-version":[{"id":3271,"href":"https:\/\/cardriver.com.mx\/index.php\/wp-json\/wp\/v2\/pages\/1408\/revisions\/3271"}],"wp:attachment":[{"href":"https:\/\/cardriver.com.mx\/index.php\/wp-json\/wp\/v2\/media?parent=1408"}],"curies":[{"name":"wp","href":"https:\/\/api.w.org\/{rel}","templated":true}]}}