{"id":3,"date":"2022-03-28T23:12:22","date_gmt":"2022-03-28T23:12:22","guid":{"rendered":"http:\/\/cardriver.com.mx\/?page_id=3"},"modified":"2022-05-10T21:24:09","modified_gmt":"2022-05-10T21:24:09","slug":"politica-privacidad","status":"publish","type":"page","link":"https:\/\/cardriver.com.mx\/index.php\/politica-privacidad\/","title":{"rendered":"Pol\u00edtica de privacidad"},"content":{"rendered":"\n<p><strong>Aviso de privacidad<\/strong><\/p>\n\n\n\n<p>CarDriver o quien sus derechos represente, es el responsable del tratamiento de los datos personales que nos proporcione, de conformidad con lo dispuesto en la Ley Federal de Protecci\u00f3n de Datos Personales en Posesi\u00f3n de los Particulares hace de su conocimiento el presente Aviso de Privacidad para los clientes y afiliados.&nbsp;<\/p>\n\n\n\n<p><strong>1.&nbsp;SOBRE EL TRATAMIENTO DE LOS DATOS PERSONALES DE LOS AFILIADOS A LAS MEMBRES\u00cdAS.&nbsp;<\/strong><\/p>\n\n\n\n<p>Se recaban sus datos personales y datos personales sensibles para los efectos en el presente Aviso de Privacidad. En este sentido, hacemos de su conocimiento que sus datos personales ser\u00e1n tratados y resguardados con base en los principios de licitud, calidad, consentimiento, informaci\u00f3n, finalidad, lealtad, proporcionalidad y responsabilidad, consagrados en la Ley Federal de Protecci\u00f3n de Datos Personales en Posesi\u00f3n de Particulares.&nbsp;<\/p>\n\n\n\n<p><strong>2.&nbsp;FINALIDAD EN EL TRATAMIENTO DE SUS DATOS PERSONALES.&nbsp;<\/strong><\/p>\n\n\n\n<p>Se recopilan sus datos personales y datos personales sensibles, por lo que solicitamos su consentimiento a trav\u00e9s del presente Aviso de Privacidad con el objeto de utilizarlos para los siguientes fines:&nbsp;Para contactarlo y enviarle informaci\u00f3n relevante sobre nuestros productos, Identificarlo como usuario, usuario registrado, usuario autorizado, usuario propietario y\/o usuario conductor de Cardriver para realizar todas las gestiones internas necesarias relacionadas con los t\u00e9rminos y condiciones de intermediaci\u00f3n, la relaci\u00f3n comercial vigente, incluyendo cuestiones de cr\u00e9dito, pagos, seguros y dem\u00e1s relacionadas con los servicios proporcionados por Cardriver mediante su plataforma digital.<\/p>\n\n\n\n<p><strong>3.&nbsp;MEDIOS PARA LIMITAR EL USO O DIVULGACI\u00d3N DE SUS DATOS PERSONALES.&nbsp;<\/strong><\/p>\n\n\n\n<p>Hacemos de su conocimiento que sus datos personales y datos personales sensibles ser\u00e1n resguardados bajo estrictas medidas de seguridad administrativas, t\u00e9cnicas y f\u00edsicas las cuales han sido implementadas con el objeto de proteger sus datos personales contra da\u00f1o, perdida, alteraci\u00f3n, destrucci\u00f3n o el uso, acceso o tratamiento no autorizados.&nbsp;<\/p>\n\n\n\n<p><strong>4.&nbsp;MEDIOS PARA EL EJERCICIO DE SUS DERECHOS COMO TITULAR DE LOS DATOS PERSONALES.&nbsp;<\/strong><\/p>\n\n\n\n<p>Como titular de los datos personales objeto del presente Aviso de Privacidad usted podr\u00e1 ejercitar sus derechos de acceso, rectificaci\u00f3n, cancelaci\u00f3n u oposici\u00f3n (Derechos ARCO) mismos que se consagran en la Ley Federal de Protecci\u00f3n de Datos Personales en Posesi\u00f3n de los Particulares. As\u00ed mismo podr\u00e1 revocar el consentimiento otorgado para el uso de sus datos personales. En cualquiera de estos supuestos, puede realizar su solicitud mediante el env\u00edo de un correo electr\u00f3nico a la direcci\u00f3n: hola@Cardriver.com.mx<\/p>\n\n\n\n<p>Con la finalidad de poder atender su solicitud, \u00e9sta deber\u00e1 satisfacer todos los requisitos estipulados en la Ley Federal de Protecci\u00f3n de Datos Personales en Posesi\u00f3n de Particulares.<\/p>\n\n\n\n<p><strong>5.&nbsp;TRANSFERENCIA DE SUS DATOS PERSONALES.&nbsp;<\/strong><\/p>\n\n\n\n<p>Sus datos personales y\/o datos personales sensibles podr\u00e1n ser transferidos a terceros, que para el cumplimiento de las obligaciones que le ofrecemos&nbsp; son necesarios. Lo anterior sin perjuicio de las excepciones de la Ley Federal de Protecci\u00f3n de Datos Personales en Posesi\u00f3n de los Particulares.&nbsp;<\/p>\n\n\n\n<p><strong>6.&nbsp;CAMBIOS AL PRESENTE AVISO DE PRIVACIDAD.&nbsp;<\/strong><\/p>\n\n\n\n<p>El presente Aviso de Privacidad podr\u00e1 ser modificado en el futuro. En todo caso, cualquier modificaci\u00f3n al mismo se har\u00e1 de su conocimiento mediante el env\u00edo de un correo electr\u00f3nico a la cuenta que usted nos proporcion\u00f3 inicialmente, donde se&nbsp; har\u00e1 de su conocimiento el nuevo Aviso de Privacidad y\/o mediante la publicaci\u00f3n del mismo en la siguiente p\u00e1gina web:&nbsp;<a href=\"http:\/\/cardriver.com.mx\/&nbsp;\"><strong>http:\/\/cardriver.com.mx\/&nbsp;<\/strong><\/a>&nbsp; &nbsp;<\/p>\n\n\n\n<p>No somos responsables en el caso de que usted no reciba la referida notificaci\u00f3n de cambio en el Aviso de Privacidad por causas de alg\u00fan problema con su cuenta de correo electr\u00f3nico o de transmisi\u00f3n de datos por internet. Sin embargo, por su seguridad, el Aviso de Privacidad vigente estar\u00e1 disponible en todo momento en la p\u00e1gina web antes se\u00f1alada.<\/p>\n","protected":false},"excerpt":{"rendered":"<p>Aviso de privacidad CarDriver o quien sus derechos represente, es el responsable del tratamiento de los datos personales que nos proporcione, de conformidad con lo dispuesto en la Ley Federal de Protecci\u00f3n de Datos Personales en Posesi\u00f3n de los Particulares hace de su conocimiento el presente Aviso de Privacidad para los clientes y afiliados.&nbsp; 1.&nbsp;SOBRE [&hellip;]<\/p>\n","protected":false},"author":1,"featured_media":0,"parent":0,"menu_order":0,"comment_status":"closed","ping_status":"open","template":"","meta":{"footnotes":""},"yoast_head":"<!-- This site is optimized with the Yoast SEO plugin v22.0 - https:\/\/yoast.com\/wordpress\/plugins\/seo\/ -->\n<title>Pol\u00edtica de privacidad - Car Driver<\/title>\n<meta name=\"robots\" content=\"index, follow, max-snippet:-1, max-image-preview:large, max-video-preview:-1\" \/>\n<link rel=\"canonical\" href=\"https:\/\/cardriver.com.mx\/index.php\/politica-privacidad\/\" \/>\n<meta property=\"og:locale\" content=\"es_ES\" \/>\n<meta property=\"og:type\" content=\"article\" \/>\n<meta property=\"og:title\" content=\"Pol\u00edtica de privacidad - Car Driver\" \/>\n<meta property=\"og:description\" content=\"Aviso de privacidad CarDriver o quien sus derechos represente, es el responsable del tratamiento de los datos personales que nos proporcione, de conformidad con lo dispuesto en la Ley Federal de Protecci\u00f3n de Datos Personales en Posesi\u00f3n de los Particulares hace de su conocimiento el presente Aviso de Privacidad para los clientes y afiliados.&nbsp; 1.&nbsp;SOBRE [&hellip;]\" \/>\n<meta property=\"og:url\" content=\"https:\/\/cardriver.com.mx\/index.php\/politica-privacidad\/\" \/>\n<meta property=\"og:site_name\" content=\"Car Driver\" \/>\n<meta property=\"article:modified_time\" content=\"2022-05-10T21:24:09+00:00\" \/>\n<meta name=\"twitter:card\" content=\"summary_large_image\" \/>\n<meta name=\"twitter:label1\" content=\"Tiempo de lectura\" \/>\n\t<meta name=\"twitter:data1\" content=\"3 minutos\" \/>\n<script type=\"application\/ld+json\" class=\"yoast-schema-graph\">{\"@context\":\"https:\/\/schema.org\",\"@graph\":[{\"@type\":\"WebPage\",\"@id\":\"https:\/\/cardriver.com.mx\/index.php\/politica-privacidad\/\",\"url\":\"https:\/\/cardriver.com.mx\/index.php\/politica-privacidad\/\",\"name\":\"Pol\u00edtica de privacidad - Car Driver\",\"isPartOf\":{\"@id\":\"https:\/\/cardriver.com.mx\/#website\"},\"datePublished\":\"2022-03-28T23:12:22+00:00\",\"dateModified\":\"2022-05-10T21:24:09+00:00\",\"breadcrumb\":{\"@id\":\"https:\/\/cardriver.com.mx\/index.php\/politica-privacidad\/#breadcrumb\"},\"inLanguage\":\"es\",\"potentialAction\":[{\"@type\":\"ReadAction\",\"target\":[\"https:\/\/cardriver.com.mx\/index.php\/politica-privacidad\/\"]}]},{\"@type\":\"BreadcrumbList\",\"@id\":\"https:\/\/cardriver.com.mx\/index.php\/politica-privacidad\/#breadcrumb\",\"itemListElement\":[{\"@type\":\"ListItem\",\"position\":1,\"name\":\"Portada\",\"item\":\"https:\/\/cardriver.com.mx\/\"},{\"@type\":\"ListItem\",\"position\":2,\"name\":\"Pol\u00edtica de privacidad\"}]},{\"@type\":\"WebSite\",\"@id\":\"https:\/\/cardriver.com.mx\/#website\",\"url\":\"https:\/\/cardriver.com.mx\/\",\"name\":\"Car Driver\",\"description\":\"Administraci\u00f3n de Veh\u00edculos\",\"publisher\":{\"@id\":\"https:\/\/cardriver.com.mx\/#organization\"},\"potentialAction\":[{\"@type\":\"SearchAction\",\"target\":{\"@type\":\"EntryPoint\",\"urlTemplate\":\"https:\/\/cardriver.com.mx\/?s={search_term_string}\"},\"query-input\":\"required name=search_term_string\"}],\"inLanguage\":\"es\"},{\"@type\":\"Organization\",\"@id\":\"https:\/\/cardriver.com.mx\/#organization\",\"name\":\"Car Driver\",\"url\":\"https:\/\/cardriver.com.mx\/\",\"logo\":{\"@type\":\"ImageObject\",\"inLanguage\":\"es\",\"@id\":\"https:\/\/cardriver.com.mx\/#\/schema\/logo\/image\/\",\"url\":\"https:\/\/cardriver.com.mx\/wp-content\/uploads\/2022\/03\/Car-driver-Web-09.png\",\"contentUrl\":\"https:\/\/cardriver.com.mx\/wp-content\/uploads\/2022\/03\/Car-driver-Web-09.png\",\"width\":795,\"height\":248,\"caption\":\"Car Driver\"},\"image\":{\"@id\":\"https:\/\/cardriver.com.mx\/#\/schema\/logo\/image\/\"}}]}<\/script>\n<!-- \/ Yoast SEO plugin. -->","yoast_head_json":{"title":"Pol\u00edtica de privacidad - Car Driver","robots":{"index":"index","follow":"follow","max-snippet":"max-snippet:-1","max-image-preview":"max-image-preview:large","max-video-preview":"max-video-preview:-1"},"canonical":"https:\/\/cardriver.com.mx\/index.php\/politica-privacidad\/","og_locale":"es_ES","og_type":"article","og_title":"Pol\u00edtica de privacidad - Car Driver","og_description":"Aviso de privacidad CarDriver o quien sus derechos represente, es el responsable del tratamiento de los datos personales que nos proporcione, de conformidad con lo dispuesto en la Ley Federal de Protecci\u00f3n de Datos Personales en Posesi\u00f3n de los Particulares hace de su conocimiento el presente Aviso de Privacidad para los clientes y afiliados.&nbsp; 1.&nbsp;SOBRE [&hellip;]","og_url":"https:\/\/cardriver.com.mx\/index.php\/politica-privacidad\/","og_site_name":"Car Driver","article_modified_time":"2022-05-10T21:24:09+00:00","twitter_card":"summary_large_image","twitter_misc":{"Tiempo de lectura":"3 minutos"},"schema":{"@context":"https:\/\/schema.org","@graph":[{"@type":"WebPage","@id":"https:\/\/cardriver.com.mx\/index.php\/politica-privacidad\/","url":"https:\/\/cardriver.com.mx\/index.php\/politica-privacidad\/","name":"Pol\u00edtica de privacidad - Car Driver","isPartOf":{"@id":"https:\/\/cardriver.com.mx\/#website"},"datePublished":"2022-03-28T23:12:22+00:00","dateModified":"2022-05-10T21:24:09+00:00","breadcrumb":{"@id":"https:\/\/cardriver.com.mx\/index.php\/politica-privacidad\/#breadcrumb"},"inLanguage":"es","potentialAction":[{"@type":"ReadAction","target":["https:\/\/cardriver.com.mx\/index.php\/politica-privacidad\/"]}]},{"@type":"BreadcrumbList","@id":"https:\/\/cardriver.com.mx\/index.php\/politica-privacidad\/#breadcrumb","itemListElement":[{"@type":"ListItem","position":1,"name":"Portada","item":"https:\/\/cardriver.com.mx\/"},{"@type":"ListItem","position":2,"name":"Pol\u00edtica de privacidad"}]},{"@type":"WebSite","@id":"https:\/\/cardriver.com.mx\/#website","url":"https:\/\/cardriver.com.mx\/","name":"Car Driver","description":"Administraci\u00f3n de Veh\u00edculos","publisher":{"@id":"https:\/\/cardriver.com.mx\/#organization"},"potentialAction":[{"@type":"SearchAction","target":{"@type":"EntryPoint","urlTemplate":"https:\/\/cardriver.com.mx\/?s={search_term_string}"},"query-input":"required name=search_term_string"}],"inLanguage":"es"},{"@type":"Organization","@id":"https:\/\/cardriver.com.mx\/#organization","name":"Car Driver","url":"https:\/\/cardriver.com.mx\/","logo":{"@type":"ImageObject","inLanguage":"es","@id":"https:\/\/cardriver.com.mx\/#\/schema\/logo\/image\/","url":"https:\/\/cardriver.com.mx\/wp-content\/uploads\/2022\/03\/Car-driver-Web-09.png","contentUrl":"https:\/\/cardriver.com.mx\/wp-content\/uploads\/2022\/03\/Car-driver-Web-09.png","width":795,"height":248,"caption":"Car Driver"},"image":{"@id":"https:\/\/cardriver.com.mx\/#\/schema\/logo\/image\/"}}]}},"jetpack_sharing_enabled":true,"_links":{"self":[{"href":"https:\/\/cardriver.com.mx\/index.php\/wp-json\/wp\/v2\/pages\/3"}],"collection":[{"href":"https:\/\/cardriver.com.mx\/index.php\/wp-json\/wp\/v2\/pages"}],"about":[{"href":"https:\/\/cardriver.com.mx\/index.php\/wp-json\/wp\/v2\/types\/page"}],"author":[{"embeddable":true,"href":"https:\/\/cardriver.com.mx\/index.php\/wp-json\/wp\/v2\/users\/1"}],"replies":[{"embeddable":true,"href":"https:\/\/cardriver.com.mx\/index.php\/wp-json\/wp\/v2\/comments?post=3"}],"version-history":[{"count":2,"href":"https:\/\/cardriver.com.mx\/index.php\/wp-json\/wp\/v2\/pages\/3\/revisions"}],"predecessor-version":[{"id":3152,"href":"https:\/\/cardriver.com.mx\/index.php\/wp-json\/wp\/v2\/pages\/3\/revisions\/3152"}],"wp:attachment":[{"href":"https:\/\/cardriver.com.mx\/index.php\/wp-json\/wp\/v2\/media?parent=3"}],"curies":[{"name":"wp","href":"https:\/\/api.w.org\/{rel}","templated":true}]}}