{"id":3203,"date":"2022-05-12T19:38:07","date_gmt":"2022-05-12T19:38:07","guid":{"rendered":"https:\/\/cardriver.com.mx\/?post_type=product&#038;p=3203"},"modified":"2022-07-02T20:19:10","modified_gmt":"2022-07-02T20:19:10","slug":"nissan-march-2020-copia","status":"publish","type":"product","link":"https:\/\/cardriver.com.mx\/index.php\/product\/nissan-march-2020-copia\/","title":{"rendered":"Volkswagen Vento 2020"},"content":{"rendered":"<p style=\"text-align: center;\"><strong>Disponible para renta particular y uso en plataformas digitales.<\/strong><\/p>\n<p style=\"text-align: center;\"><strong>Varios Colores<\/strong><\/p>\n<p style=\"text-align: center;\">Todos nuestros veh\u00edculos incluyen chofer capacitado, seguro de viaje, asistencial vial, asistencia legal y seguimiento GPS<\/p>\n<p style=\"text-align: center;\"><strong>NOTA*\u00a0 El veh\u00edculo en las im\u00e1genes no es necesariamente el veh\u00edculo a entregar, sino uno similar, respetando la descripci\u00f3n textual aqu\u00ed especificada.<\/strong><\/p>\n<p>&nbsp;<\/p>\n<div><span class=\"ui-pdp-color--BLACK ui-pdp-size--XSMALL ui-pdp-family--BOLD\">Control de tracci\u00f3n<\/span>: Delantera<\/div>\n<div class=\"ui-pdp-specs__tab-spec\">\n<div class=\"ui-pdp-specs__tab-spec\">\n<p class=\"ui-pdp-family--REGULAR ui-pdp-specs__specs-list\"><span class=\"ui-pdp-color--BLACK ui-pdp-size--XSMALL ui-pdp-family--REGULAR\">Llantas de aleaci\u00f3n<\/span><\/p>\n<\/div>\n<div class=\"ui-pdp-specs__tab-spec\">\n<p class=\"ui-pdp-family--REGULAR ui-pdp-specs__specs-list\"><span class=\"ui-pdp-color--BLACK ui-pdp-size--XSMALL ui-pdp-family--BOLD\">Cilindrada<\/span>: 1598 cc<\/p>\n<\/div>\n<div class=\"ui-pdp-specs__tab-spec\">\n<p class=\"ui-pdp-family--REGULAR ui-pdp-specs__specs-list\"><span class=\"ui-pdp-color--BLACK ui-pdp-size--XSMALL ui-pdp-family--BOLD\">Numero de velocidades<\/span>: 5<\/p>\n<\/div>\n<div class=\"ui-pdp-specs__tab-spec\">\n<p class=\"ui-pdp-family--REGULAR ui-pdp-specs__specs-list\"><span class=\"ui-pdp-color--BLACK ui-pdp-size--XSMALL ui-pdp-family--BOLD\">Capacidad de personas<\/span>: 5<\/p>\n<\/div>\n<div class=\"ui-pdp-specs__tab-spec\">\n<p class=\"ui-pdp-family--REGULAR ui-pdp-specs__specs-list\"><span class=\"ui-pdp-color--BLACK ui-pdp-size--XSMALL ui-pdp-family--BOLD\">Medidas<\/span>: 4492 mm x 1506 mm x 1695 mm<\/p>\n<\/div>\n<div class=\"ui-pdp-specs__tab-spec\">\n<p class=\"ui-pdp-family--REGULAR ui-pdp-specs__specs-list\"><span class=\"ui-pdp-color--BLACK ui-pdp-size--XSMALL ui-pdp-family--BOLD\">Distancia entre ejes<\/span>: 2600 mm<\/p>\n<\/div>\n<div class=\"ui-pdp-specs__tab-spec\">\n<p class=\"ui-pdp-family--REGULAR ui-pdp-specs__specs-list\"><span class=\"ui-pdp-color--BLACK ui-pdp-size--XSMALL ui-pdp-family--BOLD\">Capacidad del tanque<\/span>: 41 L<\/p>\n<\/div>\n<div class=\"ui-pdp-specs__tab-spec\">\n<p class=\"ui-pdp-family--REGULAR ui-pdp-specs__specs-list\"><span class=\"ui-pdp-color--BLACK ui-pdp-size--XSMALL ui-pdp-family--BOLD\">V\u00e1lvulas por cilindro<\/span>: 4<\/p>\n<\/div>\n<\/div>\n","protected":false},"excerpt":{"rendered":"<p style=\"text-align: center;\"><strong>Disponible para renta particular y uso en plataformas digitales.<\/strong><\/p>\n<p style=\"text-align: center;\"><strong>Varios Colores<\/strong><\/p>\n<p style=\"text-align: center;\">Todos nuestros veh\u00edculos incluyen chofer capacitado, seguro de viaje, asistencial vial, asistencia legal y seguimiento GPS<\/p>\n<p style=\"text-align: center;\"><strong>NOTA*\u00a0 El veh\u00edculo en las im\u00e1genes no es necesariamente el veh\u00edculo a entregar, sino uno similar, respetando la descripci\u00f3n textual aqu\u00ed especificada.<\/strong><\/p>\n","protected":false},"featured_media":3207,"comment_status":"open","ping_status":"closed","template":"","meta":[],"product_cat":[93,92],"product_tag":[97,96,94,95],"yoast_head":"<!-- This site is optimized with the Yoast SEO plugin v22.0 - https:\/\/yoast.com\/wordpress\/plugins\/seo\/ -->\n<title>Volkswagen Vento 2020 - Car Driver<\/title>\n<meta name=\"robots\" content=\"index, follow, max-snippet:-1, max-image-preview:large, max-video-preview:-1\" \/>\n<link rel=\"canonical\" href=\"https:\/\/cardriver.com.mx\/index.php\/product\/nissan-march-2020-copia\/\" \/>\n<meta property=\"og:locale\" content=\"es_ES\" \/>\n<meta property=\"og:type\" content=\"article\" \/>\n<meta property=\"og:title\" content=\"Volkswagen Vento 2020 - Car Driver\" \/>\n<meta property=\"og:description\" content=\"Disponible para renta particular y uso en plataformas digitales. Varios Colores Todos nuestros veh\u00edculos incluyen chofer capacitado, seguro de viaje, asistencial vial, asistencia legal y seguimiento GPS NOTA*\u00a0 El veh\u00edculo en las im\u00e1genes no es necesariamente el veh\u00edculo a entregar, sino uno similar, respetando la descripci\u00f3n textual aqu\u00ed especificada.\" \/>\n<meta property=\"og:url\" content=\"https:\/\/cardriver.com.mx\/index.php\/product\/nissan-march-2020-copia\/\" \/>\n<meta property=\"og:site_name\" content=\"Car Driver\" \/>\n<meta property=\"article:modified_time\" content=\"2022-07-02T20:19:10+00:00\" \/>\n<meta property=\"og:image\" content=\"https:\/\/cardriver.com.mx\/wp-content\/uploads\/2022\/05\/D_NQ_NP_688085-MLM49611589505_042022-O.webp\" \/>\n\t<meta property=\"og:image:width\" content=\"500\" \/>\n\t<meta property=\"og:image:height\" content=\"375\" \/>\n\t<meta property=\"og:image:type\" content=\"image\/webp\" \/>\n<meta name=\"twitter:card\" content=\"summary_large_image\" \/>\n<script type=\"application\/ld+json\" class=\"yoast-schema-graph\">{\"@context\":\"https:\/\/schema.org\",\"@graph\":[{\"@type\":\"WebPage\",\"@id\":\"https:\/\/cardriver.com.mx\/index.php\/product\/nissan-march-2020-copia\/\",\"url\":\"https:\/\/cardriver.com.mx\/index.php\/product\/nissan-march-2020-copia\/\",\"name\":\"Volkswagen Vento 2020 - Car Driver\",\"isPartOf\":{\"@id\":\"https:\/\/cardriver.com.mx\/#website\"},\"datePublished\":\"2022-05-12T19:38:07+00:00\",\"dateModified\":\"2022-07-02T20:19:10+00:00\",\"breadcrumb\":{\"@id\":\"https:\/\/cardriver.com.mx\/index.php\/product\/nissan-march-2020-copia\/#breadcrumb\"},\"inLanguage\":\"es\",\"potentialAction\":[{\"@type\":\"ReadAction\",\"target\":[\"https:\/\/cardriver.com.mx\/index.php\/product\/nissan-march-2020-copia\/\"]}]},{\"@type\":\"BreadcrumbList\",\"@id\":\"https:\/\/cardriver.com.mx\/index.php\/product\/nissan-march-2020-copia\/#breadcrumb\",\"itemListElement\":[{\"@type\":\"ListItem\",\"position\":1,\"name\":\"Portada\",\"item\":\"https:\/\/cardriver.com.mx\/\"},{\"@type\":\"ListItem\",\"position\":2,\"name\":\"Shop\",\"item\":\"https:\/\/cardriver.com.mx\/index.php\/shop\/\"},{\"@type\":\"ListItem\",\"position\":3,\"name\":\"Volkswagen Vento 2020\"}]},{\"@type\":\"WebSite\",\"@id\":\"https:\/\/cardriver.com.mx\/#website\",\"url\":\"https:\/\/cardriver.com.mx\/\",\"name\":\"Car Driver\",\"description\":\"Administraci\u00f3n de Veh\u00edculos\",\"publisher\":{\"@id\":\"https:\/\/cardriver.com.mx\/#organization\"},\"potentialAction\":[{\"@type\":\"SearchAction\",\"target\":{\"@type\":\"EntryPoint\",\"urlTemplate\":\"https:\/\/cardriver.com.mx\/?s={search_term_string}\"},\"query-input\":\"required name=search_term_string\"}],\"inLanguage\":\"es\"},{\"@type\":\"Organization\",\"@id\":\"https:\/\/cardriver.com.mx\/#organization\",\"name\":\"Car Driver\",\"url\":\"https:\/\/cardriver.com.mx\/\",\"logo\":{\"@type\":\"ImageObject\",\"inLanguage\":\"es\",\"@id\":\"https:\/\/cardriver.com.mx\/#\/schema\/logo\/image\/\",\"url\":\"https:\/\/cardriver.com.mx\/wp-content\/uploads\/2022\/03\/Car-driver-Web-09.png\",\"contentUrl\":\"https:\/\/cardriver.com.mx\/wp-content\/uploads\/2022\/03\/Car-driver-Web-09.png\",\"width\":795,\"height\":248,\"caption\":\"Car Driver\"},\"image\":{\"@id\":\"https:\/\/cardriver.com.mx\/#\/schema\/logo\/image\/\"}}]}<\/script>\n<!-- \/ Yoast SEO plugin. -->","yoast_head_json":{"title":"Volkswagen Vento 2020 - Car Driver","robots":{"index":"index","follow":"follow","max-snippet":"max-snippet:-1","max-image-preview":"max-image-preview:large","max-video-preview":"max-video-preview:-1"},"canonical":"https:\/\/cardriver.com.mx\/index.php\/product\/nissan-march-2020-copia\/","og_locale":"es_ES","og_type":"article","og_title":"Volkswagen Vento 2020 - Car Driver","og_description":"Disponible para renta particular y uso en plataformas digitales. Varios Colores Todos nuestros veh\u00edculos incluyen chofer capacitado, seguro de viaje, asistencial vial, asistencia legal y seguimiento GPS NOTA*\u00a0 El veh\u00edculo en las im\u00e1genes no es necesariamente el veh\u00edculo a entregar, sino uno similar, respetando la descripci\u00f3n textual aqu\u00ed especificada.","og_url":"https:\/\/cardriver.com.mx\/index.php\/product\/nissan-march-2020-copia\/","og_site_name":"Car Driver","article_modified_time":"2022-07-02T20:19:10+00:00","og_image":[{"width":500,"height":375,"url":"https:\/\/cardriver.com.mx\/wp-content\/uploads\/2022\/05\/D_NQ_NP_688085-MLM49611589505_042022-O.webp","type":"image\/webp"}],"twitter_card":"summary_large_image","schema":{"@context":"https:\/\/schema.org","@graph":[{"@type":"WebPage","@id":"https:\/\/cardriver.com.mx\/index.php\/product\/nissan-march-2020-copia\/","url":"https:\/\/cardriver.com.mx\/index.php\/product\/nissan-march-2020-copia\/","name":"Volkswagen Vento 2020 - Car Driver","isPartOf":{"@id":"https:\/\/cardriver.com.mx\/#website"},"datePublished":"2022-05-12T19:38:07+00:00","dateModified":"2022-07-02T20:19:10+00:00","breadcrumb":{"@id":"https:\/\/cardriver.com.mx\/index.php\/product\/nissan-march-2020-copia\/#breadcrumb"},"inLanguage":"es","potentialAction":[{"@type":"ReadAction","target":["https:\/\/cardriver.com.mx\/index.php\/product\/nissan-march-2020-copia\/"]}]},{"@type":"BreadcrumbList","@id":"https:\/\/cardriver.com.mx\/index.php\/product\/nissan-march-2020-copia\/#breadcrumb","itemListElement":[{"@type":"ListItem","position":1,"name":"Portada","item":"https:\/\/cardriver.com.mx\/"},{"@type":"ListItem","position":2,"name":"Shop","item":"https:\/\/cardriver.com.mx\/index.php\/shop\/"},{"@type":"ListItem","position":3,"name":"Volkswagen Vento 2020"}]},{"@type":"WebSite","@id":"https:\/\/cardriver.com.mx\/#website","url":"https:\/\/cardriver.com.mx\/","name":"Car Driver","description":"Administraci\u00f3n de Veh\u00edculos","publisher":{"@id":"https:\/\/cardriver.com.mx\/#organization"},"potentialAction":[{"@type":"SearchAction","target":{"@type":"EntryPoint","urlTemplate":"https:\/\/cardriver.com.mx\/?s={search_term_string}"},"query-input":"required name=search_term_string"}],"inLanguage":"es"},{"@type":"Organization","@id":"https:\/\/cardriver.com.mx\/#organization","name":"Car Driver","url":"https:\/\/cardriver.com.mx\/","logo":{"@type":"ImageObject","inLanguage":"es","@id":"https:\/\/cardriver.com.mx\/#\/schema\/logo\/image\/","url":"https:\/\/cardriver.com.mx\/wp-content\/uploads\/2022\/03\/Car-driver-Web-09.png","contentUrl":"https:\/\/cardriver.com.mx\/wp-content\/uploads\/2022\/03\/Car-driver-Web-09.png","width":795,"height":248,"caption":"Car Driver"},"image":{"@id":"https:\/\/cardriver.com.mx\/#\/schema\/logo\/image\/"}}]}},"jetpack_sharing_enabled":true,"_links":{"self":[{"href":"https:\/\/cardriver.com.mx\/index.php\/wp-json\/wp\/v2\/product\/3203"}],"collection":[{"href":"https:\/\/cardriver.com.mx\/index.php\/wp-json\/wp\/v2\/product"}],"about":[{"href":"https:\/\/cardriver.com.mx\/index.php\/wp-json\/wp\/v2\/types\/product"}],"replies":[{"embeddable":true,"href":"https:\/\/cardriver.com.mx\/index.php\/wp-json\/wp\/v2\/comments?post=3203"}],"wp:featuredmedia":[{"embeddable":true,"href":"https:\/\/cardriver.com.mx\/index.php\/wp-json\/wp\/v2\/media\/3207"}],"wp:attachment":[{"href":"https:\/\/cardriver.com.mx\/index.php\/wp-json\/wp\/v2\/media?parent=3203"}],"wp:term":[{"taxonomy":"product_cat","embeddable":true,"href":"https:\/\/cardriver.com.mx\/index.php\/wp-json\/wp\/v2\/product_cat?post=3203"},{"taxonomy":"product_tag","embeddable":true,"href":"https:\/\/cardriver.com.mx\/index.php\/wp-json\/wp\/v2\/product_tag?post=3203"}],"curies":[{"name":"wp","href":"https:\/\/api.w.org\/{rel}","templated":true}]}}